{"id":8362,"date":"2021-05-05T17:22:59","date_gmt":"2021-05-05T17:22:59","guid":{"rendered":"https:\/\/www.trimac.com\/bulkplus\/accessibility\/"},"modified":"2025-12-12T04:41:18","modified_gmt":"2025-12-12T04:41:18","slug":"accessibility","status":"publish","type":"page","link":"https:\/\/www.bulkplus.com\/fr\/accessibility\/","title":{"rendered":"Accessibilit\u00e9"},"content":{"rendered":"<h4>D\u00e9claration d\u2019accessibilit\u00e9<\/h4>\n<p>Chez Trimac, nous croyons qu\u2019on ne doit jamais faire de compromis en ce qui a trait \u00e0 la s\u00e9curit\u00e9. C\u2019est pourquoi nous nous effor\u00e7ons d\u2019assurer la formation de nos employ\u00e9s et de nos partenaires pour offrir un service de grande qualit\u00e9 \u00e0 chaque \u00e9tape.<\/p>\n<p>Dans le cadre de notre engagement en mati\u00e8re de qualit\u00e9, nos propri\u00e9t\u00e9s num\u00e9riques font l\u2019objet de la m\u00eame attention aux d\u00e9tails. C\u2019est pourquoi nous sommes fiers de nous conformer aux R\u00e8gles pour l\u2019accessibilit\u00e9 des contenus Web (WCAG), version 2.0, niveau AA, et aux normes de la Loi sur l\u2019accessibilit\u00e9 pour les personnes handicap\u00e9es de l\u2019Ontario (LAPHO) en ce qui a trait \u00e0 un am\u00e9nagement sans obstacle, et aux autres r\u00e8glements applicables.<\/p>\n<p>Nous examinons et am\u00e9liorons nos produits num\u00e9riques dans le cadre d\u2019audits continus et de nos principes de gouvernance interne. Tout ce que nous faisons est conforme aux pratiques exemplaires, et notre \u00e9quipe polyvalente de sp\u00e9cialistes de l\u2019accessibilit\u00e9, comprenant des utilisateurs de technologie d\u2019assistance, appuie notre d\u00e9marche.<\/p>\n<p>Si vous \u00e9prouvez des probl\u00e8mes d\u2019accessibilit\u00e9 en consultant nos propri\u00e9t\u00e9s num\u00e9riques, veuillez nous en informer. Contactez notre \u00e9quipe responsable des dossiers clients.<\/p>\n","protected":false},"excerpt":{"rendered":"<p>D\u00e9claration d\u2019accessibilit\u00e9 Chez Trimac, nous croyons qu\u2019on ne doit jamais faire de compromis en ce qui a trait \u00e0 la s\u00e9curit\u00e9. C\u2019est pourquoi nous nous effor\u00e7ons d\u2019assurer la formation de nos employ\u00e9s et de nos partenaires pour offrir un service de grande qualit\u00e9 \u00e0 chaque \u00e9tape. Dans le cadre de notre engagement en mati\u00e8re de [&hellip;]<\/p>\n","protected":false},"author":1,"featured_media":0,"parent":0,"menu_order":0,"comment_status":"closed","ping_status":"closed","template":"","meta":{"_acf_changed":false,"_seopress_robots_primary_cat":"","_seopress_titles_title":"","_seopress_titles_desc":"","_seopress_robots_index":"","footnotes":""},"class_list":["post-8362","page","type-page","status-publish","hentry"],"acf":[],"_links":{"self":[{"href":"https:\/\/www.bulkplus.com\/fr\/wp-json\/wp\/v2\/pages\/8362","targetHints":{"allow":["GET"]}}],"collection":[{"href":"https:\/\/www.bulkplus.com\/fr\/wp-json\/wp\/v2\/pages"}],"about":[{"href":"https:\/\/www.bulkplus.com\/fr\/wp-json\/wp\/v2\/types\/page"}],"author":[{"embeddable":true,"href":"https:\/\/www.bulkplus.com\/fr\/wp-json\/wp\/v2\/users\/1"}],"replies":[{"embeddable":true,"href":"https:\/\/www.bulkplus.com\/fr\/wp-json\/wp\/v2\/comments?post=8362"}],"version-history":[{"count":1,"href":"https:\/\/www.bulkplus.com\/fr\/wp-json\/wp\/v2\/pages\/8362\/revisions"}],"predecessor-version":[{"id":8363,"href":"https:\/\/www.bulkplus.com\/fr\/wp-json\/wp\/v2\/pages\/8362\/revisions\/8363"}],"wp:attachment":[{"href":"https:\/\/www.bulkplus.com\/fr\/wp-json\/wp\/v2\/media?parent=8362"}],"curies":[{"name":"wp","href":"https:\/\/api.w.org\/{rel}","templated":true}]}}